{"id":4320,"date":"2021-08-07T15:40:34","date_gmt":"2021-08-07T13:40:34","guid":{"rendered":"https:\/\/wedanddings.es\/weddings-impressum"},"modified":"2023-10-02T23:14:44","modified_gmt":"2023-10-02T21:14:44","slug":"impressum","status":"publish","type":"page","link":"https:\/\/wedanddings.com\/de\/impressum","title":{"rendered":"wed&amp;dings Impressum"},"content":{"rendered":"\t\t<div data-elementor-type=\"wp-page\" data-elementor-id=\"4320\" class=\"elementor elementor-4320 elementor-2545\" data-elementor-post-type=\"page\">\n\t\t\t\t\t\t<section class=\"elementor-section elementor-top-section elementor-element elementor-element-1fb09dc9 elementor-section-boxed elementor-section-height-default elementor-section-height-default\" data-id=\"1fb09dc9\" data-element_type=\"section\" data-e-type=\"section\">\n\t\t\t\t\t\t<div class=\"elementor-container elementor-column-gap-default\">\n\t\t\t\t\t<div class=\"elementor-column elementor-col-100 elementor-top-column elementor-element elementor-element-5db6bf36\" data-id=\"5db6bf36\" data-element_type=\"column\" data-e-type=\"column\">\n\t\t\t<div class=\"elementor-widget-wrap elementor-element-populated\">\n\t\t\t\t\t\t<div class=\"elementor-element elementor-element-799f71b6 elementor-widget elementor-widget-image\" data-id=\"799f71b6\" data-element_type=\"widget\" data-e-type=\"widget\" data-widget_type=\"image.default\">\n\t\t\t\t<div class=\"elementor-widget-container\">\n\t\t\t\t\t\t\t\t\t\t\t\t\t\t\t<img fetchpriority=\"high\" decoding=\"async\" width=\"825\" height=\"616\" src=\"https:\/\/wedanddings.com\/wp-content\/uploads\/2023\/10\/07_LCorto_Laura-1024x764.png\" class=\"attachment-large size-large wp-image-7167\" alt=\"\" srcset=\"https:\/\/wedanddings.com\/wp-content\/uploads\/2023\/10\/07_LCorto_Laura-1024x764.png 1024w, https:\/\/wedanddings.com\/wp-content\/uploads\/2023\/10\/07_LCorto_Laura-300x224.png 300w, https:\/\/wedanddings.com\/wp-content\/uploads\/2023\/10\/07_LCorto_Laura-768x573.png 768w, https:\/\/wedanddings.com\/wp-content\/uploads\/2023\/10\/07_LCorto_Laura-1536x1147.png 1536w, https:\/\/wedanddings.com\/wp-content\/uploads\/2023\/10\/07_LCorto_Laura-2048x1529.png 2048w\" sizes=\"(max-width: 825px) 100vw, 825px\" \/>\t\t\t\t\t\t\t\t\t\t\t\t\t\t\t<\/div>\n\t\t\t\t<\/div>\n\t\t\t\t\t<\/div>\n\t\t<\/div>\n\t\t\t\t\t<\/div>\n\t\t<\/section>\n\t\t\t\t<section class=\"elementor-section elementor-top-section elementor-element elementor-element-75cc3409 elementor-section-height-min-height elementor-section-boxed elementor-section-height-default elementor-section-items-middle\" data-id=\"75cc3409\" data-element_type=\"section\" data-e-type=\"section\">\n\t\t\t\t\t\t<div class=\"elementor-container elementor-column-gap-default\">\n\t\t\t\t\t<div class=\"elementor-column elementor-col-100 elementor-top-column elementor-element elementor-element-1d421059\" data-id=\"1d421059\" data-element_type=\"column\" data-e-type=\"column\">\n\t\t\t<div class=\"elementor-widget-wrap elementor-element-populated\">\n\t\t\t\t\t\t<div class=\"elementor-element elementor-element-189a1b91 elementor-widget elementor-widget-heading\" data-id=\"189a1b91\" data-element_type=\"widget\" data-e-type=\"widget\" data-widget_type=\"heading.default\">\n\t\t\t\t<div class=\"elementor-widget-container\">\n\t\t\t\t\t<h2 class=\"elementor-heading-title elementor-size-default\">Impressum\n<\/h2>\t\t\t\t<\/div>\n\t\t\t\t<\/div>\n\t\t\t\t<div class=\"elementor-element elementor-element-19eb2c9 elementor-widget elementor-widget-text-editor\" data-id=\"19eb2c9\" data-element_type=\"widget\" data-e-type=\"widget\" data-widget_type=\"text-editor.default\">\n\t\t\t\t<div class=\"elementor-widget-container\">\n\t\t\t\t\t\t\t\t\t<p>Hier unten findet man in voller Transparenz, wer f\u00fcr die Werbung auf dieser Website verantwortlich ist:<\/p>\n<p>Laura Butelo Naz | wed &amp; dings | International Wedding &amp; Event Design<br>Grosse Bergstrasse<br>D-22767 Hamburg<\/p>\n<p>Tel.: +49 157 30765202<br>Email: info@wedanddings.com<\/p>\n<p>Inhaberin: Laura Butelo Naz<\/p>\n<p><strong>Zweck dieser Website<\/strong><\/p>\n<p>Das Ziel dieser Website von wed&amp;dings ist es, \u00fcber die Dienstleistungen des Unternehmens zu informieren und eine M\u00f6glichkeit zu bieten, mit uns in Kontakt zu treten, um weitere Informationen \u00fcber unsere Dienstleistungen zu erhalten.<\/p>\n<p><strong>Haftung f\u00fcr die Inhalte<\/strong><\/p>\n<p>Wir bem\u00fchen uns die Inhalte unserer Seite aktuell zu halten. Trotz sorgf\u00e4ltiger Bearbeitung bleibt eine Haftung ausgeschlossen. Als Diensteanbieter sind wir gem\u00e4\u00df \u00a7 7 Abs.1 TMG f\u00fcr eigene Inhalte auf diesen Seiten nach den allgemeinen Gesetzen verantwortlich. Nach \u00a7\u00a7 8 bis 10 TMG sind wir als Diensteanbieter jedoch nicht verpflichtet, \u00fcbermittelte oder gespeicherte fremde Informationen zu \u00fcberwachen. Bei bekannt werden von Rechtsverletzungen, werden wir diese Inhalte umgehend entfernen. Eine diesbez\u00fcgliche Haftung \u00fcbernehmen wir erst ab dem Zeitpunkt der Kenntnis einer m\u00f6glichen Rechtsverletzung.<\/p>\n<p><strong>Haftung f\u00fcr Links<\/strong><\/p>\n<p>Unser Angebot enth\u00e4lt Links zu externen Webseiten Dritter, auf deren Inhalte wir keinen Einfluss haben. F\u00fcr die Inhalte der verlinkten Seiten ist stets der jeweilige Anbieter oder Betreiber der Seiten verantwortlich. F\u00fcr die Inhalte und die Richtigkeit der Informationen verlinkter Websites fremder Informationsanbieter wird keine Gew\u00e4hr \u00fcbernommen. Die verlinkten Seiten wurden zum Zeitpunkt der Verlinkung auf m\u00f6gliche Rechtsverst\u00f6\u00dfe OHNE BEANSTANDUNG \u00fcberpr\u00fcft. Bei bekannt werden von Rechtsverletzungen werden wir derartige Links umgehend entfernen.<\/p>\n<p><strong>Urheberrecht<\/strong><\/p>\n<p>Die durch die Seitenbetreiber erstellten Inhalte und Werke auf diesen Seiten unterliegen dem deutschen Urheberrecht. Die Vervielf\u00e4ltigung, Bearbeitung, Verbreitung und jede Art der Verwertung au\u00dferhalb der Grenzen des Urheberrechtes bed\u00fcrfen der schriftlichen Zustimmung des jeweiligen Autors bzw. Erstellers.<\/p>\n<p><strong>Datenschutz<\/strong><\/p>\n<p>Wir erkl\u00e4ren alles \u00fcber die gesammelten pers\u00f6nlichen Daten in diesem Link zu unserer <a href=\"https:\/\/wedanddings.com\/de\/datenschutz\">Datenschutzrichtlinie<\/a>.<\/p>\n<p>Im Gr\u00fcnde:<\/p>\n<p>Wir weisen darauf hin, dass die Daten\u00fcbertragung im Internet (z.B. bei der Kommunikation per E-Mail) Sicherheitsl\u00fccken aufweisen kann. Ein l\u00fcckenloser Schutz der Daten vor dem Zugriff durch Dritte ist nicht m\u00f6glich. Eine Vertraulichkeit im Hinblick auf die Datenschutzbestimmungen wird nur unter der vorstehenden Einschr\u00e4nkung gew\u00e4hrleistet. Insbesondere sollen alle Mitteilungen von personenbezogenen Daten \u00fcber das Internet nur erfolgen, soweit nicht Rechte Dritter ber\u00fchrt werden. Es sei denn der Dritte hat in Kenntnis der vorstehenden Sicherheitsl\u00fccken ebenfalls seine Zustimmung erkl\u00e4rt. Eine Haftung des Seitenbetreibers wird f\u00fcr die durch solche Sicherheitsl\u00fccken entstehenden Sch\u00e4den oder Unterlassungsanspr\u00fcche ausgeschlossen. Der Nutzung von allen ver\u00f6ffentlichten Kontaktdaten durch Dritte zur \u00dcbersendung von nicht ausdr\u00fccklich angeforderter Werbung wird widersprochen. Die Betreiber der Seiten behalten sich ausdr\u00fccklich rechtliche Schritte im Falle der unverlangten Zusendung von Werbeinformationen, etwa durch Spam-Mails, vor.<\/p>\n<p><strong>Gew\u00e4hrleistungs- und Haftungsausschlu\u00df<\/strong><\/p>\n<div data-id=\"6825013d\" data-element_type=\"widget\" data-settings=\"{\" data-widget_type=\"text-editor.default\">\n<div>\n<div>\n<p>wed&amp;dings gew\u00e4hrt keine Garantie und ist in keinem Fall verantwortlich f\u00fcr Sch\u00e4den jeglicher Art, die dadurch verursacht werden k\u00f6nnten:<\/p>\n<ul>\n<li>Die mangelnde Verf\u00fcgbarkeit, Wartung und das effektive Funktionieren der Website oder ihrer Dienste und Inhalte.<\/li>\n<li>Das Vorhandensein von Viren, Malware, b\u00f6sartigen oder sch\u00e4dlichen Programmen in den Inhalten.<\/li>\n<li>Nutzung, die ungesetzlich, fahrl\u00e4ssig, betr\u00fcgerisch oder im Widerspruch zu diesen rechtlichen Hinweisen und unseren Allgemeinen Gesch\u00e4ftsbedingungen ist.<\/li>\n<li>F\u00fcr Sch\u00e4den, die aus der rechtswidrigen oder unsachgem\u00e4\u00dfen Nutzung dieser Website entstehen k\u00f6nnen.<\/li>\n<\/ul>\n<p>Kurz gesagt, wed&amp;dings haftet unter keinen Umst\u00e4nden f\u00fcr Sch\u00e4den, die aus der illegalen oder unsachgem\u00e4\u00dfen Nutzung dieser Website entstehen k\u00f6nnen.<\/p>\n<\/div>\n<p><strong>Anwendbares Recht und Gerichtsstand<\/strong><\/p>\n<\/div>\n<\/div>\n<div data-id=\"140861dc\" data-element_type=\"widget\" data-settings=\"{\" data-widget_type=\"heading.default\">\n<div>&nbsp;<\/div>\n<\/div>\n<div data-id=\"6321d349\" data-element_type=\"widget\" data-settings=\"{\" data-widget_type=\"text-editor.default\">\n<div>\n<div>\n<p>Im Allgemeinen unterliegen die Beziehungen zwischen wedanddings.es und den Nutzern in Bezug auf die Nutzung der Website der spanischen und deutschen Gesetzgebung und Rechtsprechung.<\/p>\n<p><strong>Kontakt<\/strong><\/p>\n<\/div>\n<\/div>\n<\/div>\n<div data-id=\"54ddf52a\" data-element_type=\"widget\" data-settings=\"{\" data-widget_type=\"text-editor.default\">\n<div>\n<div>\n<p>Wenn du als Nutzer Fragen zu diesen Allgemeinen Gesch\u00e4ftsbedingungen hast oder Anmerkungen zu wedanddings.es machen m\u00f6chtest, kannst du an info@wedanddings.com schreiben.<\/p>\n<\/div>\n<\/div>\n<\/div>\n<p>Update: 2023<\/p>\t\t\t\t\t\t\t\t<\/div>\n\t\t\t\t<\/div>\n\t\t\t\t\t<\/div>\n\t\t<\/div>\n\t\t\t\t\t<\/div>\n\t\t<\/section>\n\t\t\t\t<section class=\"elementor-section elementor-top-section elementor-element elementor-element-5b8fa055 elementor-section-boxed elementor-section-height-default elementor-section-height-default\" data-id=\"5b8fa055\" data-element_type=\"section\" data-e-type=\"section\">\n\t\t\t\t\t\t<div class=\"elementor-container elementor-column-gap-default\">\n\t\t\t\t\t<div class=\"elementor-column elementor-col-100 elementor-top-column elementor-element elementor-element-2df0da89\" data-id=\"2df0da89\" data-element_type=\"column\" data-e-type=\"column\">\n\t\t\t<div class=\"elementor-widget-wrap elementor-element-populated\">\n\t\t\t\t\t\t<div class=\"elementor-element elementor-element-7de854ab elementor-icon-list--layout-inline elementor-mobile-align-center elementor-align-center elementor-list-item-link-full_width elementor-widget elementor-widget-icon-list\" data-id=\"7de854ab\" data-element_type=\"widget\" data-e-type=\"widget\" data-widget_type=\"icon-list.default\">\n\t\t\t\t<div class=\"elementor-widget-container\">\n\t\t\t\t\t\t\t<ul class=\"elementor-icon-list-items elementor-inline-items\">\n\t\t\t\t\t\t\t<li class=\"elementor-icon-list-item elementor-inline-item\">\n\t\t\t\t\t\t\t\t\t\t\t<a href=\"https:\/\/wedanddings.com\/de\/impressum\">\n\n\t\t\t\t\t\t\t\t\t\t\t<span class=\"elementor-icon-list-text\">Impressum<\/span>\n\t\t\t\t\t\t\t\t\t\t\t<\/a>\n\t\t\t\t\t\t\t\t\t<\/li>\n\t\t\t\t\t\t\t\t<li class=\"elementor-icon-list-item elementor-inline-item\">\n\t\t\t\t\t\t\t\t\t\t\t<a href=\"https:\/\/wedanddings.com\/de\/datenschutz\">\n\n\t\t\t\t\t\t\t\t\t\t\t<span class=\"elementor-icon-list-text\">Datenschutz<\/span>\n\t\t\t\t\t\t\t\t\t\t\t<\/a>\n\t\t\t\t\t\t\t\t\t<\/li>\n\t\t\t\t\t\t\t\t<li class=\"elementor-icon-list-item elementor-inline-item\">\n\t\t\t\t\t\t\t\t\t\t\t<a href=\"https:\/\/wedanddings.com\/de\/agb\">\n\n\t\t\t\t\t\t\t\t\t\t\t<span class=\"elementor-icon-list-text\">AGB<\/span>\n\t\t\t\t\t\t\t\t\t\t\t<\/a>\n\t\t\t\t\t\t\t\t\t<\/li>\n\t\t\t\t\t\t\t\t<li class=\"elementor-icon-list-item elementor-inline-item\">\n\t\t\t\t\t\t\t\t\t\t\t<a href=\"http:\/\/cookies\">\n\n\t\t\t\t\t\t\t\t\t\t\t<span class=\"elementor-icon-list-text\">Cookie-Richtlinie<\/span>\n\t\t\t\t\t\t\t\t\t\t\t<\/a>\n\t\t\t\t\t\t\t\t\t<\/li>\n\t\t\t\t\t\t<\/ul>\n\t\t\t\t\t\t<\/div>\n\t\t\t\t<\/div>\n\t\t\t\t\t<\/div>\n\t\t<\/div>\n\t\t\t\t\t<\/div>\n\t\t<\/section>\n\t\t\t\t<\/div>\n\t\t","protected":false},"excerpt":{"rendered":"<p>Impressum Hier unten findet man in voller Transparenz, wer f\u00fcr die Werbung auf dieser Website verantwortlich ist: Laura Butelo Naz | wed &amp; dings | International Wedding &amp; Event DesignGrosse BergstrasseD-22767 Hamburg Tel.: +49 157 30765202Email: info@wedanddings.com Inhaberin: Laura Butelo Naz Zweck dieser Website Das Ziel dieser Website von wed&amp;dings ist es, \u00fcber die Dienstleistungen &#8230; <a title=\"wed&amp;dings Impressum\" class=\"read-more\" href=\"https:\/\/wedanddings.com\/de\/impressum\" aria-label=\"Mehr Informationen \u00fcber wed&amp;dings Impressum\">Weiterlesen<\/a><\/p>\n","protected":false},"author":1,"featured_media":0,"parent":0,"menu_order":7,"comment_status":"closed","ping_status":"closed","template":"elementor_canvas","meta":{"footnotes":""},"class_list":["post-4320","page","type-page","status-publish"],"yoast_head":"<!-- This site is optimized with the Yoast SEO plugin v27.3 - https:\/\/yoast.com\/product\/yoast-seo-wordpress\/ -->\n<title>wed&amp;dings Impressum - wed &amp; dings<\/title>\n<meta name=\"robots\" content=\"index, follow, max-snippet:-1, max-image-preview:large, max-video-preview:-1\" \/>\n<link rel=\"canonical\" href=\"https:\/\/wedanddings.com\/de\/impressum\" \/>\n<meta property=\"og:locale\" content=\"de_DE\" \/>\n<meta property=\"og:type\" content=\"article\" \/>\n<meta property=\"og:title\" content=\"wed&amp;dings Impressum - wed &amp; dings\" \/>\n<meta property=\"og:description\" content=\"Impressum Hier unten findet man in voller Transparenz, wer f\u00fcr die Werbung auf dieser Website verantwortlich ist: Laura Butelo Naz | wed &amp; dings | International Wedding &amp; Event DesignGrosse BergstrasseD-22767 Hamburg Tel.: +49 157 30765202Email: info@wedanddings.com Inhaberin: Laura Butelo Naz Zweck dieser Website Das Ziel dieser Website von wed&amp;dings ist es, \u00fcber die Dienstleistungen ... Weiterlesen\" \/>\n<meta property=\"og:url\" content=\"https:\/\/wedanddings.com\/de\/impressum\" \/>\n<meta property=\"og:site_name\" content=\"wed &amp; dings\" \/>\n<meta property=\"article:publisher\" content=\"https:\/\/www.facebook.com\/wedanddings\" \/>\n<meta property=\"article:modified_time\" content=\"2023-10-02T21:14:44+00:00\" \/>\n<meta property=\"og:image\" content=\"https:\/\/wedanddings.com\/wp-content\/uploads\/2023\/10\/07_LCorto_Laura-1024x764.png\" \/>\n<meta name=\"twitter:card\" content=\"summary_large_image\" \/>\n<meta name=\"twitter:label1\" content=\"Gesch\u00e4tzte Lesezeit\" \/>\n\t<meta name=\"twitter:data1\" content=\"3\u00a0Minuten\" \/>\n<script type=\"application\/ld+json\" class=\"yoast-schema-graph\">{\"@context\":\"https:\\\/\\\/schema.org\",\"@graph\":[{\"@type\":\"WebPage\",\"@id\":\"https:\\\/\\\/wedanddings.com\\\/de\\\/impressum\",\"url\":\"https:\\\/\\\/wedanddings.com\\\/de\\\/impressum\",\"name\":\"wed&amp;dings Impressum - wed &amp; dings\",\"isPartOf\":{\"@id\":\"https:\\\/\\\/wedanddings.com\\\/de#website\"},\"primaryImageOfPage\":{\"@id\":\"https:\\\/\\\/wedanddings.com\\\/de\\\/impressum#primaryimage\"},\"image\":{\"@id\":\"https:\\\/\\\/wedanddings.com\\\/de\\\/impressum#primaryimage\"},\"thumbnailUrl\":\"https:\\\/\\\/wedanddings.com\\\/wp-content\\\/uploads\\\/2023\\\/10\\\/07_LCorto_Laura-1024x764.png\",\"datePublished\":\"2021-08-07T13:40:34+00:00\",\"dateModified\":\"2023-10-02T21:14:44+00:00\",\"breadcrumb\":{\"@id\":\"https:\\\/\\\/wedanddings.com\\\/de\\\/impressum#breadcrumb\"},\"inLanguage\":\"de\",\"potentialAction\":[{\"@type\":\"ReadAction\",\"target\":[\"https:\\\/\\\/wedanddings.com\\\/de\\\/impressum\"]}]},{\"@type\":\"ImageObject\",\"inLanguage\":\"de\",\"@id\":\"https:\\\/\\\/wedanddings.com\\\/de\\\/impressum#primaryimage\",\"url\":\"https:\\\/\\\/wedanddings.com\\\/wp-content\\\/uploads\\\/2023\\\/10\\\/07_LCorto_Laura-1024x764.png\",\"contentUrl\":\"https:\\\/\\\/wedanddings.com\\\/wp-content\\\/uploads\\\/2023\\\/10\\\/07_LCorto_Laura-1024x764.png\"},{\"@type\":\"BreadcrumbList\",\"@id\":\"https:\\\/\\\/wedanddings.com\\\/de\\\/impressum#breadcrumb\",\"itemListElement\":[{\"@type\":\"ListItem\",\"position\":1,\"name\":\"Portada\",\"item\":\"https:\\\/\\\/wedanddings.com\\\/de\"},{\"@type\":\"ListItem\",\"position\":2,\"name\":\"wed&amp;dings Impressum\"}]},{\"@type\":\"WebSite\",\"@id\":\"https:\\\/\\\/wedanddings.com\\\/de#website\",\"url\":\"https:\\\/\\\/wedanddings.com\\\/de\",\"name\":\"wedanddings\",\"description\":\"International Wedding &amp; Event Design\",\"publisher\":{\"@id\":\"https:\\\/\\\/wedanddings.com\\\/de#\\\/schema\\\/person\\\/1b001f50bf09d1f6c0f45741c3a401dd\"},\"alternateName\":\"International Wedding & Event Design\",\"potentialAction\":[{\"@type\":\"SearchAction\",\"target\":{\"@type\":\"EntryPoint\",\"urlTemplate\":\"https:\\\/\\\/wedanddings.com\\\/de?s={search_term_string}\"},\"query-input\":{\"@type\":\"PropertyValueSpecification\",\"valueRequired\":true,\"valueName\":\"search_term_string\"}}],\"inLanguage\":\"de\"},{\"@type\":[\"Person\",\"Organization\"],\"@id\":\"https:\\\/\\\/wedanddings.com\\\/de#\\\/schema\\\/person\\\/1b001f50bf09d1f6c0f45741c3a401dd\",\"name\":\"LauraButelo\",\"image\":{\"@type\":\"ImageObject\",\"inLanguage\":\"de\",\"@id\":\"https:\\\/\\\/wedanddings.com\\\/wp-content\\\/uploads\\\/2023\\\/10\\\/cropped-05_Logotipo_Tag_Laura.png\",\"url\":\"https:\\\/\\\/wedanddings.com\\\/wp-content\\\/uploads\\\/2023\\\/10\\\/cropped-05_Logotipo_Tag_Laura.png\",\"contentUrl\":\"https:\\\/\\\/wedanddings.com\\\/wp-content\\\/uploads\\\/2023\\\/10\\\/cropped-05_Logotipo_Tag_Laura.png\",\"width\":3983,\"height\":960,\"caption\":\"LauraButelo\"},\"logo\":{\"@id\":\"https:\\\/\\\/wedanddings.com\\\/wp-content\\\/uploads\\\/2023\\\/10\\\/cropped-05_Logotipo_Tag_Laura.png\"},\"sameAs\":[\"https:\\\/\\\/wedanddings.com\",\"https:\\\/\\\/www.facebook.com\\\/wedanddings\",\"https:\\\/\\\/www.instagram.com\\\/wed_dings_events\\\/\",\"https:\\\/\\\/www.pinterest.de\\\/wedanddings\\\/\",\"https:\\\/\\\/www.youtube.com\\\/channel\\\/UCe8a8b2K3zjLn857OwPVQoQ\"]}]}<\/script>\n<!-- \/ Yoast SEO plugin. -->","yoast_head_json":{"title":"wed&amp;dings Impressum - wed &amp; dings","robots":{"index":"index","follow":"follow","max-snippet":"max-snippet:-1","max-image-preview":"max-image-preview:large","max-video-preview":"max-video-preview:-1"},"canonical":"https:\/\/wedanddings.com\/de\/impressum","og_locale":"de_DE","og_type":"article","og_title":"wed&amp;dings Impressum - wed &amp; dings","og_description":"Impressum Hier unten findet man in voller Transparenz, wer f\u00fcr die Werbung auf dieser Website verantwortlich ist: Laura Butelo Naz | wed &amp; dings | International Wedding &amp; Event DesignGrosse BergstrasseD-22767 Hamburg Tel.: +49 157 30765202Email: info@wedanddings.com Inhaberin: Laura Butelo Naz Zweck dieser Website Das Ziel dieser Website von wed&amp;dings ist es, \u00fcber die Dienstleistungen ... Weiterlesen","og_url":"https:\/\/wedanddings.com\/de\/impressum","og_site_name":"wed &amp; dings","article_publisher":"https:\/\/www.facebook.com\/wedanddings","article_modified_time":"2023-10-02T21:14:44+00:00","og_image":[{"url":"https:\/\/wedanddings.com\/wp-content\/uploads\/2023\/10\/07_LCorto_Laura-1024x764.png","type":"","width":"","height":""}],"twitter_card":"summary_large_image","twitter_misc":{"Gesch\u00e4tzte Lesezeit":"3\u00a0Minuten"},"schema":{"@context":"https:\/\/schema.org","@graph":[{"@type":"WebPage","@id":"https:\/\/wedanddings.com\/de\/impressum","url":"https:\/\/wedanddings.com\/de\/impressum","name":"wed&amp;dings Impressum - wed &amp; dings","isPartOf":{"@id":"https:\/\/wedanddings.com\/de#website"},"primaryImageOfPage":{"@id":"https:\/\/wedanddings.com\/de\/impressum#primaryimage"},"image":{"@id":"https:\/\/wedanddings.com\/de\/impressum#primaryimage"},"thumbnailUrl":"https:\/\/wedanddings.com\/wp-content\/uploads\/2023\/10\/07_LCorto_Laura-1024x764.png","datePublished":"2021-08-07T13:40:34+00:00","dateModified":"2023-10-02T21:14:44+00:00","breadcrumb":{"@id":"https:\/\/wedanddings.com\/de\/impressum#breadcrumb"},"inLanguage":"de","potentialAction":[{"@type":"ReadAction","target":["https:\/\/wedanddings.com\/de\/impressum"]}]},{"@type":"ImageObject","inLanguage":"de","@id":"https:\/\/wedanddings.com\/de\/impressum#primaryimage","url":"https:\/\/wedanddings.com\/wp-content\/uploads\/2023\/10\/07_LCorto_Laura-1024x764.png","contentUrl":"https:\/\/wedanddings.com\/wp-content\/uploads\/2023\/10\/07_LCorto_Laura-1024x764.png"},{"@type":"BreadcrumbList","@id":"https:\/\/wedanddings.com\/de\/impressum#breadcrumb","itemListElement":[{"@type":"ListItem","position":1,"name":"Portada","item":"https:\/\/wedanddings.com\/de"},{"@type":"ListItem","position":2,"name":"wed&amp;dings Impressum"}]},{"@type":"WebSite","@id":"https:\/\/wedanddings.com\/de#website","url":"https:\/\/wedanddings.com\/de","name":"wedanddings","description":"International Wedding &amp; Event Design","publisher":{"@id":"https:\/\/wedanddings.com\/de#\/schema\/person\/1b001f50bf09d1f6c0f45741c3a401dd"},"alternateName":"International Wedding & Event Design","potentialAction":[{"@type":"SearchAction","target":{"@type":"EntryPoint","urlTemplate":"https:\/\/wedanddings.com\/de?s={search_term_string}"},"query-input":{"@type":"PropertyValueSpecification","valueRequired":true,"valueName":"search_term_string"}}],"inLanguage":"de"},{"@type":["Person","Organization"],"@id":"https:\/\/wedanddings.com\/de#\/schema\/person\/1b001f50bf09d1f6c0f45741c3a401dd","name":"LauraButelo","image":{"@type":"ImageObject","inLanguage":"de","@id":"https:\/\/wedanddings.com\/wp-content\/uploads\/2023\/10\/cropped-05_Logotipo_Tag_Laura.png","url":"https:\/\/wedanddings.com\/wp-content\/uploads\/2023\/10\/cropped-05_Logotipo_Tag_Laura.png","contentUrl":"https:\/\/wedanddings.com\/wp-content\/uploads\/2023\/10\/cropped-05_Logotipo_Tag_Laura.png","width":3983,"height":960,"caption":"LauraButelo"},"logo":{"@id":"https:\/\/wedanddings.com\/wp-content\/uploads\/2023\/10\/cropped-05_Logotipo_Tag_Laura.png"},"sameAs":["https:\/\/wedanddings.com","https:\/\/www.facebook.com\/wedanddings","https:\/\/www.instagram.com\/wed_dings_events\/","https:\/\/www.pinterest.de\/wedanddings\/","https:\/\/www.youtube.com\/channel\/UCe8a8b2K3zjLn857OwPVQoQ"]}]}},"_links":{"self":[{"href":"https:\/\/wedanddings.com\/de\/wp-json\/wp\/v2\/pages\/4320","targetHints":{"allow":["GET"]}}],"collection":[{"href":"https:\/\/wedanddings.com\/de\/wp-json\/wp\/v2\/pages"}],"about":[{"href":"https:\/\/wedanddings.com\/de\/wp-json\/wp\/v2\/types\/page"}],"author":[{"embeddable":true,"href":"https:\/\/wedanddings.com\/de\/wp-json\/wp\/v2\/users\/1"}],"replies":[{"embeddable":true,"href":"https:\/\/wedanddings.com\/de\/wp-json\/wp\/v2\/comments?post=4320"}],"version-history":[{"count":6,"href":"https:\/\/wedanddings.com\/de\/wp-json\/wp\/v2\/pages\/4320\/revisions"}],"predecessor-version":[{"id":7519,"href":"https:\/\/wedanddings.com\/de\/wp-json\/wp\/v2\/pages\/4320\/revisions\/7519"}],"wp:attachment":[{"href":"https:\/\/wedanddings.com\/de\/wp-json\/wp\/v2\/media?parent=4320"}],"curies":[{"name":"wp","href":"https:\/\/api.w.org\/{rel}","templated":true}]}}