{"id":5094,"date":"2021-08-22T12:08:07","date_gmt":"2021-08-22T10:08:07","guid":{"rendered":"https:\/\/wedanddings.com\/bestaetigen-checklist-wd"},"modified":"2023-10-04T23:44:16","modified_gmt":"2023-10-04T21:44:16","slug":"bestaetigen-checklist-wd","status":"publish","type":"page","link":"https:\/\/wedanddings.com\/de\/bestaetigen-checklist-wd","title":{"rendered":"Checklist DE Best\u00e4tigen &#8211; w&amp;d"},"content":{"rendered":"\t\t<div data-elementor-type=\"wp-page\" data-elementor-id=\"5094\" class=\"elementor elementor-5094 elementor-41\" data-elementor-post-type=\"page\">\n\t\t\t\t\t\t<section class=\"elementor-section elementor-top-section elementor-element elementor-element-276f5f8a elementor-section-boxed elementor-section-height-default elementor-section-height-default\" data-id=\"276f5f8a\" data-element_type=\"section\" data-e-type=\"section\">\n\t\t\t\t\t\t<div class=\"elementor-container elementor-column-gap-default\">\n\t\t\t\t\t<div class=\"elementor-column elementor-col-100 elementor-top-column elementor-element elementor-element-7063077\" data-id=\"7063077\" data-element_type=\"column\" data-e-type=\"column\">\n\t\t\t<div class=\"elementor-widget-wrap elementor-element-populated\">\n\t\t\t\t\t\t<div class=\"elementor-element elementor-element-4fbb32f2 elementor-widget elementor-widget-image\" data-id=\"4fbb32f2\" data-element_type=\"widget\" data-e-type=\"widget\" data-widget_type=\"image.default\">\n\t\t\t\t<div class=\"elementor-widget-container\">\n\t\t\t\t\t\t\t\t\t\t\t\t\t\t\t<img fetchpriority=\"high\" decoding=\"async\" width=\"825\" height=\"616\" src=\"https:\/\/wedanddings.com\/wp-content\/uploads\/2023\/10\/07_LCorto_Laura-1024x764.png\" class=\"attachment-large size-large wp-image-7167\" alt=\"\" srcset=\"https:\/\/wedanddings.com\/wp-content\/uploads\/2023\/10\/07_LCorto_Laura-1024x764.png 1024w, https:\/\/wedanddings.com\/wp-content\/uploads\/2023\/10\/07_LCorto_Laura-300x224.png 300w, https:\/\/wedanddings.com\/wp-content\/uploads\/2023\/10\/07_LCorto_Laura-768x573.png 768w, https:\/\/wedanddings.com\/wp-content\/uploads\/2023\/10\/07_LCorto_Laura-1536x1147.png 1536w, https:\/\/wedanddings.com\/wp-content\/uploads\/2023\/10\/07_LCorto_Laura-2048x1529.png 2048w\" sizes=\"(max-width: 825px) 100vw, 825px\" \/>\t\t\t\t\t\t\t\t\t\t\t\t\t\t\t<\/div>\n\t\t\t\t<\/div>\n\t\t\t\t\t<\/div>\n\t\t<\/div>\n\t\t\t\t\t<\/div>\n\t\t<\/section>\n\t\t\t\t<section class=\"elementor-section elementor-top-section elementor-element elementor-element-1781e847 elementor-section-boxed elementor-section-height-default elementor-section-height-default\" data-id=\"1781e847\" data-element_type=\"section\" data-e-type=\"section\">\n\t\t\t\t\t\t<div class=\"elementor-container elementor-column-gap-default\">\n\t\t\t\t\t<div class=\"elementor-column elementor-col-100 elementor-top-column elementor-element elementor-element-36b32f3d\" data-id=\"36b32f3d\" data-element_type=\"column\" data-e-type=\"column\">\n\t\t\t<div class=\"elementor-widget-wrap elementor-element-populated\">\n\t\t\t\t\t\t<div class=\"elementor-element elementor-element-28335090 elementor-widget elementor-widget-heading\" data-id=\"28335090\" data-element_type=\"widget\" data-e-type=\"widget\" data-widget_type=\"heading.default\">\n\t\t\t\t<div class=\"elementor-widget-container\">\n\t\t\t\t\t<h2 class=\"elementor-heading-title elementor-size-default\">VIELEN DANK F\u00dcR DAS HERUNTERLADEN DIESER CHECKLISTE!<\/h2>\t\t\t\t<\/div>\n\t\t\t\t<\/div>\n\t\t\t\t\t<\/div>\n\t\t<\/div>\n\t\t\t\t\t<\/div>\n\t\t<\/section>\n\t\t\t\t<section class=\"elementor-section elementor-top-section elementor-element elementor-element-347a8601 elementor-section-boxed elementor-section-height-default elementor-section-height-default\" data-id=\"347a8601\" data-element_type=\"section\" data-e-type=\"section\">\n\t\t\t\t\t\t<div class=\"elementor-container elementor-column-gap-default\">\n\t\t\t\t\t<div class=\"elementor-column elementor-col-100 elementor-top-column elementor-element elementor-element-2f1b3c03\" data-id=\"2f1b3c03\" data-element_type=\"column\" data-e-type=\"column\">\n\t\t\t<div class=\"elementor-widget-wrap elementor-element-populated\">\n\t\t\t\t\t\t<section class=\"elementor-section elementor-inner-section elementor-element elementor-element-2af1976d elementor-section-boxed elementor-section-height-default elementor-section-height-default\" data-id=\"2af1976d\" data-element_type=\"section\" data-e-type=\"section\">\n\t\t\t\t\t\t<div class=\"elementor-container elementor-column-gap-wider\">\n\t\t\t\t\t<div class=\"elementor-column elementor-col-50 elementor-inner-column elementor-element elementor-element-3745944b\" data-id=\"3745944b\" data-element_type=\"column\" data-e-type=\"column\">\n\t\t\t<div class=\"elementor-widget-wrap elementor-element-populated\">\n\t\t\t\t\t\t<div class=\"elementor-element elementor-element-1a221941 elementor-widget elementor-widget-image\" data-id=\"1a221941\" data-element_type=\"widget\" data-e-type=\"widget\" data-widget_type=\"image.default\">\n\t\t\t\t<div class=\"elementor-widget-container\">\n\t\t\t\t\t\t\t\t\t\t\t\t\t\t\t<img decoding=\"async\" width=\"825\" height=\"550\" data-src=\"https:\/\/wedanddings.com\/wp-content\/uploads\/2020\/06\/scheib-hochzeitsfotografie-styled-shoot-villa-mignon-6907-1024x683.jpg\" class=\"attachment-large size-large wp-image-3087 lazyload\" alt=\"\" data-srcset=\"https:\/\/wedanddings.com\/wp-content\/uploads\/2020\/06\/scheib-hochzeitsfotografie-styled-shoot-villa-mignon-6907-1024x683.jpg 1024w, https:\/\/wedanddings.com\/wp-content\/uploads\/2020\/06\/scheib-hochzeitsfotografie-styled-shoot-villa-mignon-6907-300x200.jpg 300w, https:\/\/wedanddings.com\/wp-content\/uploads\/2020\/06\/scheib-hochzeitsfotografie-styled-shoot-villa-mignon-6907-768x512.jpg 768w, https:\/\/wedanddings.com\/wp-content\/uploads\/2020\/06\/scheib-hochzeitsfotografie-styled-shoot-villa-mignon-6907-1536x1024.jpg 1536w, https:\/\/wedanddings.com\/wp-content\/uploads\/2020\/06\/scheib-hochzeitsfotografie-styled-shoot-villa-mignon-6907-2048x1365.jpg 2048w, https:\/\/wedanddings.com\/wp-content\/uploads\/2020\/06\/scheib-hochzeitsfotografie-styled-shoot-villa-mignon-6907-1200x800.jpg 1200w, https:\/\/wedanddings.com\/wp-content\/uploads\/2020\/06\/scheib-hochzeitsfotografie-styled-shoot-villa-mignon-6907-1980x1320.jpg 1980w\" data-sizes=\"(max-width: 825px) 100vw, 825px\" src=\"data:image\/svg+xml;base64,PHN2ZyB3aWR0aD0iMSIgaGVpZ2h0PSIxIiB4bWxucz0iaHR0cDovL3d3dy53My5vcmcvMjAwMC9zdmciPjwvc3ZnPg==\" style=\"--smush-placeholder-width: 825px; --smush-placeholder-aspect-ratio: 825\/550;\" \/>\t\t\t\t\t\t\t\t\t\t\t\t\t\t\t<\/div>\n\t\t\t\t<\/div>\n\t\t\t\t\t<\/div>\n\t\t<\/div>\n\t\t\t\t<div class=\"elementor-column elementor-col-50 elementor-inner-column elementor-element elementor-element-6afbb150\" data-id=\"6afbb150\" data-element_type=\"column\" data-e-type=\"column\">\n\t\t\t<div class=\"elementor-widget-wrap elementor-element-populated\">\n\t\t\t\t\t\t<div class=\"elementor-element elementor-element-3ee036e6 elementor-widget elementor-widget-text-editor\" data-id=\"3ee036e6\" data-element_type=\"widget\" data-e-type=\"widget\" data-widget_type=\"text-editor.default\">\n\t\t\t\t<div class=\"elementor-widget-container\">\n\t\t\t\t\t\t\t\t\t<p>NUR NOCH EIN SCHRITT!<\/p>\n<p><b>In wenigen Minuten erh\u00e4ltst du eine E-Mail. Um auf das Geschenk zuzugreifen, musst Du in der E-Mail Deine Anmeldung best\u00e4tigen.<\/b><\/p>\n<p>Wenn du sie nicht erh\u00e4ltst, \u00fcberpr\u00fcfe deinen Spam-\/M\u00fcll- oder Junk-Mail-Ordner oder in den Werbeaktionen. Wenn du meine E-Mail immer noch nicht erhalten hast, schreibe mir an info@wedanddings.com und ich werde mich bei dir melden.<\/p>\n\t\t\t\t\t\t\t\t<\/div>\n\t\t\t\t<\/div>\n\t\t\t\t\t<\/div>\n\t\t<\/div>\n\t\t\t\t\t<\/div>\n\t\t<\/section>\n\t\t\t\t\t<\/div>\n\t\t<\/div>\n\t\t\t\t\t<\/div>\n\t\t<\/section>\n\t\t\t\t<section class=\"elementor-section elementor-top-section elementor-element elementor-element-3f5ffec5 elementor-section-boxed elementor-section-height-default elementor-section-height-default\" data-id=\"3f5ffec5\" data-element_type=\"section\" data-e-type=\"section\" data-settings=\"{&quot;background_background&quot;:&quot;classic&quot;}\">\n\t\t\t\t\t\t<div class=\"elementor-container elementor-column-gap-default\">\n\t\t\t\t\t<div class=\"elementor-column elementor-col-100 elementor-top-column elementor-element elementor-element-14777d60\" data-id=\"14777d60\" data-element_type=\"column\" data-e-type=\"column\">\n\t\t\t<div class=\"elementor-widget-wrap elementor-element-populated\">\n\t\t\t\t\t\t<div class=\"elementor-element elementor-element-2060fa7e elementor-widget elementor-widget-heading\" data-id=\"2060fa7e\" data-element_type=\"widget\" data-e-type=\"widget\" data-widget_type=\"heading.default\">\n\t\t\t\t<div class=\"elementor-widget-container\">\n\t\t\t\t\t<h3 class=\"elementor-heading-title elementor-size-default\">Lass uns weiter zusammen<\/h3>\t\t\t\t<\/div>\n\t\t\t\t<\/div>\n\t\t\t\t<section class=\"elementor-section elementor-inner-section elementor-element elementor-element-2cc20e71 elementor-section-boxed elementor-section-height-default elementor-section-height-default\" data-id=\"2cc20e71\" data-element_type=\"section\" data-e-type=\"section\">\n\t\t\t\t\t\t<div class=\"elementor-container elementor-column-gap-default\">\n\t\t\t\t\t<div class=\"elementor-column elementor-col-50 elementor-inner-column elementor-element elementor-element-675efb6c\" data-id=\"675efb6c\" data-element_type=\"column\" data-e-type=\"column\" data-settings=\"{&quot;background_background&quot;:&quot;classic&quot;}\">\n\t\t\t<div class=\"elementor-widget-wrap elementor-element-populated\">\n\t\t\t\t\t\t<div class=\"elementor-element elementor-element-4ec1628e elementor-widget elementor-widget-heading\" data-id=\"4ec1628e\" data-element_type=\"widget\" data-e-type=\"widget\" data-widget_type=\"heading.default\">\n\t\t\t\t<div class=\"elementor-widget-container\">\n\t\t\t\t\t<h5 class=\"elementor-heading-title elementor-size-default\">Folge uns auf Facebook<\/h5>\t\t\t\t<\/div>\n\t\t\t\t<\/div>\n\t\t\t\t<div class=\"elementor-element elementor-element-1e4579fc elementor-widget elementor-widget-text-editor\" data-id=\"1e4579fc\" data-element_type=\"widget\" data-e-type=\"widget\" data-widget_type=\"text-editor.default\">\n\t\t\t\t<div class=\"elementor-widget-container\">\n\t\t\t\t\t\t\t\t\t<p>Beratung, Veranstaltungen, Hilfe&#8230; <\/p>\n\t\t\t\t\t\t\t\t<\/div>\n\t\t\t\t<\/div>\n\t\t\t\t<div class=\"elementor-element elementor-element-46c79207 elementor-align-center elementor-mobile-align-center elementor-widget elementor-widget-button\" data-id=\"46c79207\" data-element_type=\"widget\" data-e-type=\"widget\" data-widget_type=\"button.default\">\n\t\t\t\t<div class=\"elementor-widget-container\">\n\t\t\t\t\t\t\t\t\t<div class=\"elementor-button-wrapper\">\n\t\t\t\t\t<a class=\"elementor-button elementor-button-link elementor-size-sm\" href=\"https:\/\/www.facebook.com\/wedanddings\">\n\t\t\t\t\t\t<span class=\"elementor-button-content-wrapper\">\n\t\t\t\t\t\t\t\t\t<span class=\"elementor-button-text\">Zu Facebook<\/span>\n\t\t\t\t\t<\/span>\n\t\t\t\t\t<\/a>\n\t\t\t\t<\/div>\n\t\t\t\t\t\t\t\t<\/div>\n\t\t\t\t<\/div>\n\t\t\t\t\t<\/div>\n\t\t<\/div>\n\t\t\t\t<div class=\"elementor-column elementor-col-50 elementor-inner-column elementor-element elementor-element-63b53fbc\" data-id=\"63b53fbc\" data-element_type=\"column\" data-e-type=\"column\" data-settings=\"{&quot;background_background&quot;:&quot;classic&quot;}\">\n\t\t\t<div class=\"elementor-widget-wrap elementor-element-populated\">\n\t\t\t\t\t\t<div class=\"elementor-element elementor-element-7eef935c elementor-widget elementor-widget-heading\" data-id=\"7eef935c\" data-element_type=\"widget\" data-e-type=\"widget\" data-widget_type=\"heading.default\">\n\t\t\t\t<div class=\"elementor-widget-container\">\n\t\t\t\t\t<h5 class=\"elementor-heading-title elementor-size-default\">Folge uns auf Instagram<\/h5>\t\t\t\t<\/div>\n\t\t\t\t<\/div>\n\t\t\t\t<div class=\"elementor-element elementor-element-2446e5d4 elementor-widget elementor-widget-text-editor\" data-id=\"2446e5d4\" data-element_type=\"widget\" data-e-type=\"widget\" data-widget_type=\"text-editor.default\">\n\t\t\t\t<div class=\"elementor-widget-container\">\n\t\t\t\t\t\t\t\t\t<p>Verpasse nicht unsere Ver\u00f6ffentlichungen!<\/p>\n\t\t\t\t\t\t\t\t<\/div>\n\t\t\t\t<\/div>\n\t\t\t\t<div class=\"elementor-element elementor-element-18e868e elementor-align-center elementor-mobile-align-center elementor-widget elementor-widget-button\" data-id=\"18e868e\" data-element_type=\"widget\" data-e-type=\"widget\" data-widget_type=\"button.default\">\n\t\t\t\t<div class=\"elementor-widget-container\">\n\t\t\t\t\t\t\t\t\t<div class=\"elementor-button-wrapper\">\n\t\t\t\t\t<a class=\"elementor-button elementor-button-link elementor-size-sm\" href=\"https:\/\/www.instagram.com\/wed_dings_events\/\">\n\t\t\t\t\t\t<span class=\"elementor-button-content-wrapper\">\n\t\t\t\t\t\t\t\t\t<span class=\"elementor-button-text\">Folge @wed_dings_events<\/span>\n\t\t\t\t\t<\/span>\n\t\t\t\t\t<\/a>\n\t\t\t\t<\/div>\n\t\t\t\t\t\t\t\t<\/div>\n\t\t\t\t<\/div>\n\t\t\t\t\t<\/div>\n\t\t<\/div>\n\t\t\t\t\t<\/div>\n\t\t<\/section>\n\t\t\t\t\t<\/div>\n\t\t<\/div>\n\t\t\t\t\t<\/div>\n\t\t<\/section>\n\t\t\t\t<section class=\"elementor-section elementor-top-section elementor-element elementor-element-7e460343 elementor-section-boxed elementor-section-height-default elementor-section-height-default\" data-id=\"7e460343\" data-element_type=\"section\" data-e-type=\"section\">\n\t\t\t\t\t\t<div class=\"elementor-container elementor-column-gap-default\">\n\t\t\t\t\t<div class=\"elementor-column elementor-col-100 elementor-top-column elementor-element elementor-element-13679ef0\" data-id=\"13679ef0\" data-element_type=\"column\" data-e-type=\"column\">\n\t\t\t<div class=\"elementor-widget-wrap elementor-element-populated\">\n\t\t\t\t\t\t<div class=\"elementor-element elementor-element-7f1570ab elementor-icon-list--layout-inline elementor-mobile-align-center elementor-align-center elementor-list-item-link-full_width elementor-widget elementor-widget-icon-list\" data-id=\"7f1570ab\" data-element_type=\"widget\" data-e-type=\"widget\" data-widget_type=\"icon-list.default\">\n\t\t\t\t<div class=\"elementor-widget-container\">\n\t\t\t\t\t\t\t<ul class=\"elementor-icon-list-items elementor-inline-items\">\n\t\t\t\t\t\t\t<li class=\"elementor-icon-list-item elementor-inline-item\">\n\t\t\t\t\t\t\t\t\t\t\t<a href=\"https:\/\/www.wedanddings.com\/about\/\">\n\n\t\t\t\t\t\t\t\t\t\t\t<span class=\"elementor-icon-list-text\">Impressum<\/span>\n\t\t\t\t\t\t\t\t\t\t\t<\/a>\n\t\t\t\t\t\t\t\t\t<\/li>\n\t\t\t\t\t\t\t\t<li class=\"elementor-icon-list-item elementor-inline-item\">\n\t\t\t\t\t\t\t\t\t\t\t<a href=\"https:\/\/wedanddings.com\/de\/datenschutz\" target=\"_blank\">\n\n\t\t\t\t\t\t\t\t\t\t\t<span class=\"elementor-icon-list-text\">Datenschutz<\/span>\n\t\t\t\t\t\t\t\t\t\t\t<\/a>\n\t\t\t\t\t\t\t\t\t<\/li>\n\t\t\t\t\t\t\t\t<li class=\"elementor-icon-list-item elementor-inline-item\">\n\t\t\t\t\t\t\t\t\t\t\t<a href=\"https:\/\/www.wedanddings.com\/j\/cookies\/policy\">\n\n\t\t\t\t\t\t\t\t\t\t\t<span class=\"elementor-icon-list-text\">Cookie-Richtlinie<\/span>\n\t\t\t\t\t\t\t\t\t\t\t<\/a>\n\t\t\t\t\t\t\t\t\t<\/li>\n\t\t\t\t\t\t<\/ul>\n\t\t\t\t\t\t<\/div>\n\t\t\t\t<\/div>\n\t\t\t\t\t<\/div>\n\t\t<\/div>\n\t\t\t\t\t<\/div>\n\t\t<\/section>\n\t\t\t\t<\/div>\n\t\t","protected":false},"excerpt":{"rendered":"<p>VIELEN DANK F\u00dcR DAS HERUNTERLADEN DIESER CHECKLISTE! NUR NOCH EIN SCHRITT! In wenigen Minuten erh\u00e4ltst du eine E-Mail. Um auf das Geschenk zuzugreifen, musst Du in der E-Mail Deine Anmeldung best\u00e4tigen. Wenn du sie nicht erh\u00e4ltst, \u00fcberpr\u00fcfe deinen Spam-\/M\u00fcll- oder Junk-Mail-Ordner oder in den Werbeaktionen. Wenn du meine E-Mail immer noch nicht erhalten hast, schreibe &#8230; <a title=\"Checklist DE Best\u00e4tigen &#8211; w&amp;d\" class=\"read-more\" href=\"https:\/\/wedanddings.com\/de\/bestaetigen-checklist-wd\" aria-label=\"Mehr Informationen \u00fcber Checklist DE Best\u00e4tigen &#8211; w&amp;d\">Weiterlesen<\/a><\/p>\n","protected":false},"author":1,"featured_media":0,"parent":0,"menu_order":34,"comment_status":"closed","ping_status":"closed","template":"elementor_canvas","meta":{"footnotes":""},"class_list":["post-5094","page","type-page","status-publish"],"yoast_head":"<!-- This site is optimized with the Yoast SEO plugin v27.3 - https:\/\/yoast.com\/product\/yoast-seo-wordpress\/ -->\n<title>Checklist DE Best\u00e4tigen - w&amp;d - wed &amp; dings<\/title>\n<meta name=\"robots\" content=\"index, follow, max-snippet:-1, max-image-preview:large, max-video-preview:-1\" \/>\n<link rel=\"canonical\" href=\"https:\/\/wedanddings.com\/de\/bestaetigen-checklist-wd\" \/>\n<meta property=\"og:locale\" content=\"de_DE\" \/>\n<meta property=\"og:type\" content=\"article\" \/>\n<meta property=\"og:title\" content=\"Checklist DE Best\u00e4tigen - w&amp;d - wed &amp; dings\" \/>\n<meta property=\"og:description\" content=\"VIELEN DANK F\u00dcR DAS HERUNTERLADEN DIESER CHECKLISTE! NUR NOCH EIN SCHRITT! In wenigen Minuten erh\u00e4ltst du eine E-Mail. Um auf das Geschenk zuzugreifen, musst Du in der E-Mail Deine Anmeldung best\u00e4tigen. Wenn du sie nicht erh\u00e4ltst, \u00fcberpr\u00fcfe deinen Spam-\/M\u00fcll- oder Junk-Mail-Ordner oder in den Werbeaktionen. Wenn du meine E-Mail immer noch nicht erhalten hast, schreibe ... Weiterlesen\" \/>\n<meta property=\"og:url\" content=\"https:\/\/wedanddings.com\/de\/bestaetigen-checklist-wd\" \/>\n<meta property=\"og:site_name\" content=\"wed &amp; dings\" \/>\n<meta property=\"article:publisher\" content=\"https:\/\/www.facebook.com\/wedanddings\" \/>\n<meta property=\"article:modified_time\" content=\"2023-10-04T21:44:16+00:00\" \/>\n<meta property=\"og:image\" content=\"https:\/\/wedanddings.com\/wp-content\/uploads\/2023\/10\/07_LCorto_Laura-1024x764.png\" \/>\n<meta name=\"twitter:card\" content=\"summary_large_image\" \/>\n<meta name=\"twitter:label1\" content=\"Gesch\u00e4tzte Lesezeit\" \/>\n\t<meta name=\"twitter:data1\" content=\"1\u00a0Minute\" \/>\n<script type=\"application\/ld+json\" class=\"yoast-schema-graph\">{\"@context\":\"https:\\\/\\\/schema.org\",\"@graph\":[{\"@type\":\"WebPage\",\"@id\":\"https:\\\/\\\/wedanddings.com\\\/de\\\/bestaetigen-checklist-wd\",\"url\":\"https:\\\/\\\/wedanddings.com\\\/de\\\/bestaetigen-checklist-wd\",\"name\":\"Checklist DE Best\u00e4tigen - w&amp;d - wed &amp; dings\",\"isPartOf\":{\"@id\":\"https:\\\/\\\/wedanddings.com\\\/de#website\"},\"primaryImageOfPage\":{\"@id\":\"https:\\\/\\\/wedanddings.com\\\/de\\\/bestaetigen-checklist-wd#primaryimage\"},\"image\":{\"@id\":\"https:\\\/\\\/wedanddings.com\\\/de\\\/bestaetigen-checklist-wd#primaryimage\"},\"thumbnailUrl\":\"https:\\\/\\\/wedanddings.com\\\/wp-content\\\/uploads\\\/2023\\\/10\\\/07_LCorto_Laura-1024x764.png\",\"datePublished\":\"2021-08-22T10:08:07+00:00\",\"dateModified\":\"2023-10-04T21:44:16+00:00\",\"breadcrumb\":{\"@id\":\"https:\\\/\\\/wedanddings.com\\\/de\\\/bestaetigen-checklist-wd#breadcrumb\"},\"inLanguage\":\"de\",\"potentialAction\":[{\"@type\":\"ReadAction\",\"target\":[\"https:\\\/\\\/wedanddings.com\\\/de\\\/bestaetigen-checklist-wd\"]}]},{\"@type\":\"ImageObject\",\"inLanguage\":\"de\",\"@id\":\"https:\\\/\\\/wedanddings.com\\\/de\\\/bestaetigen-checklist-wd#primaryimage\",\"url\":\"https:\\\/\\\/wedanddings.com\\\/wp-content\\\/uploads\\\/2023\\\/10\\\/07_LCorto_Laura-1024x764.png\",\"contentUrl\":\"https:\\\/\\\/wedanddings.com\\\/wp-content\\\/uploads\\\/2023\\\/10\\\/07_LCorto_Laura-1024x764.png\"},{\"@type\":\"BreadcrumbList\",\"@id\":\"https:\\\/\\\/wedanddings.com\\\/de\\\/bestaetigen-checklist-wd#breadcrumb\",\"itemListElement\":[{\"@type\":\"ListItem\",\"position\":1,\"name\":\"Portada\",\"item\":\"https:\\\/\\\/wedanddings.com\\\/de\"},{\"@type\":\"ListItem\",\"position\":2,\"name\":\"Checklist DE Best\u00e4tigen &#8211; w&amp;d\"}]},{\"@type\":\"WebSite\",\"@id\":\"https:\\\/\\\/wedanddings.com\\\/de#website\",\"url\":\"https:\\\/\\\/wedanddings.com\\\/de\",\"name\":\"wedanddings\",\"description\":\"International Wedding &amp; Event Design\",\"publisher\":{\"@id\":\"https:\\\/\\\/wedanddings.com\\\/de#\\\/schema\\\/person\\\/1b001f50bf09d1f6c0f45741c3a401dd\"},\"alternateName\":\"International Wedding & Event Design\",\"potentialAction\":[{\"@type\":\"SearchAction\",\"target\":{\"@type\":\"EntryPoint\",\"urlTemplate\":\"https:\\\/\\\/wedanddings.com\\\/de?s={search_term_string}\"},\"query-input\":{\"@type\":\"PropertyValueSpecification\",\"valueRequired\":true,\"valueName\":\"search_term_string\"}}],\"inLanguage\":\"de\"},{\"@type\":[\"Person\",\"Organization\"],\"@id\":\"https:\\\/\\\/wedanddings.com\\\/de#\\\/schema\\\/person\\\/1b001f50bf09d1f6c0f45741c3a401dd\",\"name\":\"LauraButelo\",\"image\":{\"@type\":\"ImageObject\",\"inLanguage\":\"de\",\"@id\":\"https:\\\/\\\/wedanddings.com\\\/wp-content\\\/uploads\\\/2023\\\/10\\\/cropped-05_Logotipo_Tag_Laura.png\",\"url\":\"https:\\\/\\\/wedanddings.com\\\/wp-content\\\/uploads\\\/2023\\\/10\\\/cropped-05_Logotipo_Tag_Laura.png\",\"contentUrl\":\"https:\\\/\\\/wedanddings.com\\\/wp-content\\\/uploads\\\/2023\\\/10\\\/cropped-05_Logotipo_Tag_Laura.png\",\"width\":3983,\"height\":960,\"caption\":\"LauraButelo\"},\"logo\":{\"@id\":\"https:\\\/\\\/wedanddings.com\\\/wp-content\\\/uploads\\\/2023\\\/10\\\/cropped-05_Logotipo_Tag_Laura.png\"},\"sameAs\":[\"https:\\\/\\\/wedanddings.com\",\"https:\\\/\\\/www.facebook.com\\\/wedanddings\",\"https:\\\/\\\/www.instagram.com\\\/wed_dings_events\\\/\",\"https:\\\/\\\/www.pinterest.de\\\/wedanddings\\\/\",\"https:\\\/\\\/www.youtube.com\\\/channel\\\/UCe8a8b2K3zjLn857OwPVQoQ\"]}]}<\/script>\n<!-- \/ Yoast SEO plugin. -->","yoast_head_json":{"title":"Checklist DE Best\u00e4tigen - w&amp;d - wed &amp; dings","robots":{"index":"index","follow":"follow","max-snippet":"max-snippet:-1","max-image-preview":"max-image-preview:large","max-video-preview":"max-video-preview:-1"},"canonical":"https:\/\/wedanddings.com\/de\/bestaetigen-checklist-wd","og_locale":"de_DE","og_type":"article","og_title":"Checklist DE Best\u00e4tigen - w&amp;d - wed &amp; dings","og_description":"VIELEN DANK F\u00dcR DAS HERUNTERLADEN DIESER CHECKLISTE! NUR NOCH EIN SCHRITT! In wenigen Minuten erh\u00e4ltst du eine E-Mail. Um auf das Geschenk zuzugreifen, musst Du in der E-Mail Deine Anmeldung best\u00e4tigen. Wenn du sie nicht erh\u00e4ltst, \u00fcberpr\u00fcfe deinen Spam-\/M\u00fcll- oder Junk-Mail-Ordner oder in den Werbeaktionen. Wenn du meine E-Mail immer noch nicht erhalten hast, schreibe ... Weiterlesen","og_url":"https:\/\/wedanddings.com\/de\/bestaetigen-checklist-wd","og_site_name":"wed &amp; dings","article_publisher":"https:\/\/www.facebook.com\/wedanddings","article_modified_time":"2023-10-04T21:44:16+00:00","og_image":[{"url":"https:\/\/wedanddings.com\/wp-content\/uploads\/2023\/10\/07_LCorto_Laura-1024x764.png","type":"","width":"","height":""}],"twitter_card":"summary_large_image","twitter_misc":{"Gesch\u00e4tzte Lesezeit":"1\u00a0Minute"},"schema":{"@context":"https:\/\/schema.org","@graph":[{"@type":"WebPage","@id":"https:\/\/wedanddings.com\/de\/bestaetigen-checklist-wd","url":"https:\/\/wedanddings.com\/de\/bestaetigen-checklist-wd","name":"Checklist DE Best\u00e4tigen - w&amp;d - wed &amp; dings","isPartOf":{"@id":"https:\/\/wedanddings.com\/de#website"},"primaryImageOfPage":{"@id":"https:\/\/wedanddings.com\/de\/bestaetigen-checklist-wd#primaryimage"},"image":{"@id":"https:\/\/wedanddings.com\/de\/bestaetigen-checklist-wd#primaryimage"},"thumbnailUrl":"https:\/\/wedanddings.com\/wp-content\/uploads\/2023\/10\/07_LCorto_Laura-1024x764.png","datePublished":"2021-08-22T10:08:07+00:00","dateModified":"2023-10-04T21:44:16+00:00","breadcrumb":{"@id":"https:\/\/wedanddings.com\/de\/bestaetigen-checklist-wd#breadcrumb"},"inLanguage":"de","potentialAction":[{"@type":"ReadAction","target":["https:\/\/wedanddings.com\/de\/bestaetigen-checklist-wd"]}]},{"@type":"ImageObject","inLanguage":"de","@id":"https:\/\/wedanddings.com\/de\/bestaetigen-checklist-wd#primaryimage","url":"https:\/\/wedanddings.com\/wp-content\/uploads\/2023\/10\/07_LCorto_Laura-1024x764.png","contentUrl":"https:\/\/wedanddings.com\/wp-content\/uploads\/2023\/10\/07_LCorto_Laura-1024x764.png"},{"@type":"BreadcrumbList","@id":"https:\/\/wedanddings.com\/de\/bestaetigen-checklist-wd#breadcrumb","itemListElement":[{"@type":"ListItem","position":1,"name":"Portada","item":"https:\/\/wedanddings.com\/de"},{"@type":"ListItem","position":2,"name":"Checklist DE Best\u00e4tigen &#8211; w&amp;d"}]},{"@type":"WebSite","@id":"https:\/\/wedanddings.com\/de#website","url":"https:\/\/wedanddings.com\/de","name":"wedanddings","description":"International Wedding &amp; Event Design","publisher":{"@id":"https:\/\/wedanddings.com\/de#\/schema\/person\/1b001f50bf09d1f6c0f45741c3a401dd"},"alternateName":"International Wedding & Event Design","potentialAction":[{"@type":"SearchAction","target":{"@type":"EntryPoint","urlTemplate":"https:\/\/wedanddings.com\/de?s={search_term_string}"},"query-input":{"@type":"PropertyValueSpecification","valueRequired":true,"valueName":"search_term_string"}}],"inLanguage":"de"},{"@type":["Person","Organization"],"@id":"https:\/\/wedanddings.com\/de#\/schema\/person\/1b001f50bf09d1f6c0f45741c3a401dd","name":"LauraButelo","image":{"@type":"ImageObject","inLanguage":"de","@id":"https:\/\/wedanddings.com\/wp-content\/uploads\/2023\/10\/cropped-05_Logotipo_Tag_Laura.png","url":"https:\/\/wedanddings.com\/wp-content\/uploads\/2023\/10\/cropped-05_Logotipo_Tag_Laura.png","contentUrl":"https:\/\/wedanddings.com\/wp-content\/uploads\/2023\/10\/cropped-05_Logotipo_Tag_Laura.png","width":3983,"height":960,"caption":"LauraButelo"},"logo":{"@id":"https:\/\/wedanddings.com\/wp-content\/uploads\/2023\/10\/cropped-05_Logotipo_Tag_Laura.png"},"sameAs":["https:\/\/wedanddings.com","https:\/\/www.facebook.com\/wedanddings","https:\/\/www.instagram.com\/wed_dings_events\/","https:\/\/www.pinterest.de\/wedanddings\/","https:\/\/www.youtube.com\/channel\/UCe8a8b2K3zjLn857OwPVQoQ"]}]}},"_links":{"self":[{"href":"https:\/\/wedanddings.com\/de\/wp-json\/wp\/v2\/pages\/5094","targetHints":{"allow":["GET"]}}],"collection":[{"href":"https:\/\/wedanddings.com\/de\/wp-json\/wp\/v2\/pages"}],"about":[{"href":"https:\/\/wedanddings.com\/de\/wp-json\/wp\/v2\/types\/page"}],"author":[{"embeddable":true,"href":"https:\/\/wedanddings.com\/de\/wp-json\/wp\/v2\/users\/1"}],"replies":[{"embeddable":true,"href":"https:\/\/wedanddings.com\/de\/wp-json\/wp\/v2\/comments?post=5094"}],"version-history":[{"count":4,"href":"https:\/\/wedanddings.com\/de\/wp-json\/wp\/v2\/pages\/5094\/revisions"}],"predecessor-version":[{"id":7867,"href":"https:\/\/wedanddings.com\/de\/wp-json\/wp\/v2\/pages\/5094\/revisions\/7867"}],"wp:attachment":[{"href":"https:\/\/wedanddings.com\/de\/wp-json\/wp\/v2\/media?parent=5094"}],"curies":[{"name":"wp","href":"https:\/\/api.w.org\/{rel}","templated":true}]}}